{"id":13,"date":"2007-02-13T14:55:05","date_gmt":"2007-02-13T13:55:05","guid":{"rendered":"http:\/\/www.michael-peinkofer.de\/?page_id=13"},"modified":"2022-03-17T17:51:51","modified_gmt":"2022-03-17T17:51:51","slug":"service","status":"publish","type":"page","link":"https:\/\/www.michael-peinkofer.de\/?page_id=13","title":{"rendered":"Kontakt"},"content":{"rendered":"<p>&nbsp;<\/p>\n<p>Liebe Leser,<\/p>\n<p>grunds\u00e4tzlich freue ich mich immer \u00fcber Feedback, Anregungen und Kritik. Herk\u00f6mmliche Post kann an unten genannte Adresse geschickt werden, eMails an\u00a0 <a href=\"mailto:michael@michael-peinkofer.de\">michael@michael-peinkofer.de<\/a>. Bitte habt\/haben Sie jedoch Verst\u00e4ndnis daf\u00fcr, da\u00df nicht jede Mail und jeder Brief pers\u00f6nlich beantwortet werden kann.<\/p>\n<p><strong>Autogramm- und Signierw\u00fcnsche<\/strong> werden gerne erf\u00fcllt.\u00a0Einfach den Autogrammwunsch und\/oder das zu signierende Buch zusammen mit einem frankierten\u00a0R\u00fcckkuvert an:<\/p>\n<p>Michael Peinkofer<br \/>\nPostfach 2125<br \/>\n87411 Kempten<\/p>\n<p>schicken. Ich bitte allerdings um etwas Geduld&#8230;<\/p>\n<p><a href=\"https:\/\/www.disclaimer.de\/disclaimer.htm?farbe=FFFFFF\/000000\/000000\/000000\"><strong>Haftungsausschluss<\/strong><\/a><\/p>\n","protected":false},"excerpt":{"rendered":"<p>&nbsp; Liebe Leser, grunds\u00e4tzlich freue ich mich immer \u00fcber Feedback, Anregungen und Kritik. Herk\u00f6mmliche Post kann an unten genannte Adresse geschickt werden, eMails an\u00a0 michael@michael-peinkofer.de. Bitte habt\/haben Sie jedoch Verst\u00e4ndnis daf\u00fcr, da\u00df nicht jede Mail und jeder Brief pers\u00f6nlich beantwortet werden kann. Autogramm- und Signierw\u00fcnsche werden gerne erf\u00fcllt.\u00a0Einfach den Autogrammwunsch und\/oder das zu signierende Buch [&hellip;]<\/p>\n","protected":false},"author":1,"featured_media":0,"parent":0,"menu_order":0,"comment_status":"closed","ping_status":"closed","template":"","meta":{"footnotes":""},"class_list":["post-13","page","type-page","status-publish","hentry"],"_links":{"self":[{"href":"https:\/\/www.michael-peinkofer.de\/index.php?rest_route=\/wp\/v2\/pages\/13","targetHints":{"allow":["GET"]}}],"collection":[{"href":"https:\/\/www.michael-peinkofer.de\/index.php?rest_route=\/wp\/v2\/pages"}],"about":[{"href":"https:\/\/www.michael-peinkofer.de\/index.php?rest_route=\/wp\/v2\/types\/page"}],"author":[{"embeddable":true,"href":"https:\/\/www.michael-peinkofer.de\/index.php?rest_route=\/wp\/v2\/users\/1"}],"replies":[{"embeddable":true,"href":"https:\/\/www.michael-peinkofer.de\/index.php?rest_route=%2Fwp%2Fv2%2Fcomments&post=13"}],"version-history":[{"count":6,"href":"https:\/\/www.michael-peinkofer.de\/index.php?rest_route=\/wp\/v2\/pages\/13\/revisions"}],"predecessor-version":[{"id":2120,"href":"https:\/\/www.michael-peinkofer.de\/index.php?rest_route=\/wp\/v2\/pages\/13\/revisions\/2120"}],"wp:attachment":[{"href":"https:\/\/www.michael-peinkofer.de\/index.php?rest_route=%2Fwp%2Fv2%2Fmedia&parent=13"}],"curies":[{"name":"wp","href":"https:\/\/api.w.org\/{rel}","templated":true}]}}