{"id":1192,"date":"2018-05-16T21:43:48","date_gmt":"2018-05-16T21:43:48","guid":{"rendered":"http:\/\/www.michael-peinkofer.de\/?page_id=1192"},"modified":"2023-12-05T11:56:31","modified_gmt":"2023-12-05T10:56:31","slug":"backstage","status":"publish","type":"page","link":"https:\/\/www.michael-peinkofer.de\/?page_id=1192","title":{"rendered":"Backstage"},"content":{"rendered":"<p><em><br \/>\nUnter dieser Rubrik gibt es Hintergrundstorys und Infos zur Entstehung von Roman- und anderen Projekten &#8230;<\/em><\/p>\n<p><strong>DIE ERDWELT-SAGA<\/strong><\/p>\n<p><span class=\"x193iq5w xeuugli x13faqbe x1vvkbs x1xmvt09 x1lliihq x1s928wv xhkezso x1gmr53x x1cpjm7i x1fgarty x1943h6x xudqn12 x3x7a5m x6prxxf xvq8zen xo1l8bm xzsf02u x1yc453h\" dir=\"auto\">Weil es \u00fcber die Jahre doch ein wenig kompliziert geworden ist, hier mal eine komplette \u00dcbersicht der bislang erschienenen ERDWELT-B\u00e4nde:<\/span><\/p>\n<p><img loading=\"lazy\" decoding=\"async\" class=\"aligncenter size-full wp-image-2471\" src=\"https:\/\/www.michael-peinkofer.de\/wp-content\/uploads\/2023\/12\/Erdwelt-e1701773762258.jpg\" alt=\"\" width=\"521\" height=\"637\" srcset=\"https:\/\/www.michael-peinkofer.de\/wp-content\/uploads\/2023\/12\/Erdwelt-e1701773762258.jpg 521w, https:\/\/www.michael-peinkofer.de\/wp-content\/uploads\/2023\/12\/Erdwelt-e1701773762258-245x300.jpg 245w\" sizes=\"auto, (max-width: 521px) 100vw, 521px\" \/><\/p>\n<p>&nbsp;<\/p>\n<p><strong>COVERSUCHE<\/strong><\/p>\n<p>Wenn ein neues Projekt in Arbeit ist, setzt irgendwann die Suche nach einem passenden Cover ein, das nat\u00fcrlich Inhalt und Stil eines Romans oder, wie in diesem Fall, einer neuen Reihe, m\u00f6glichst auf einen Blick einfangen soll. Bei DINOROX stand f\u00fcr alle\u00a0 Beteiligten von Beginn an fest, dass es gr\u00fcn sein und eine dinom\u00e4\u00dfige Optik bekommen sollte. Und wer das Buch inzwischen schon mal in den H\u00e4nden hatte, der wei\u00df, dass es dabei nicht geblieben ist &#8211; das Buch f\u00fchlt sich auch wie &#8222;echte&#8220; Dinohaut an \ud83d\ude42<\/p>\n<p>Was allerdings den Schriftzug und das Motiv betrifft, so war ein langer kreativer Prozess notwendig, an dessen Ende das bekannte Cover stand. Bis dahin war es allerdings ein weiter Weg, wie meine fr\u00fche (DINOROX wurde damals nochmit zwei X geschrieben) Skizze zeigt. Wie gut, dass es gro\u00dfartige K\u00fcnstler wie Daniel\u00a0 Ernle gibt, die aus solchem Gekritzel ein echtes Buchcover machen k\u00f6nnen. Mit Daniel habe ich auch schon an den PIRATTEN!, STERNENERITTER und einigen anderen Projekten gearbeitet, und es ist immer wieder eine reines Vergn\u00fcgen!<\/p>\n<p><img loading=\"lazy\" decoding=\"async\" class=\"aligncenter wp-image-2162\" src=\"https:\/\/www.michael-peinkofer.de\/wp-content\/uploads\/2022\/05\/skizze-cover.jpg\" alt=\"\" width=\"770\" height=\"487\" srcset=\"https:\/\/www.michael-peinkofer.de\/wp-content\/uploads\/2022\/05\/skizze-cover.jpg 926w, https:\/\/www.michael-peinkofer.de\/wp-content\/uploads\/2022\/05\/skizze-cover-300x190.jpg 300w, https:\/\/www.michael-peinkofer.de\/wp-content\/uploads\/2022\/05\/skizze-cover-768x486.jpg 768w\" sizes=\"auto, (max-width: 770px) 100vw, 770px\" \/><\/p>\n<p>&nbsp;<\/p>\n<p><strong>WEHENDE FAHNEN<\/strong><\/p>\n<p>Wenn das Lektorat eines Romans &#8211; also die \u00dcberarbeitung von Seiten des Verlags &#8211; abgeschlossen ist, wird das Buch einschlie\u00dflich s\u00e4mtlicher enthaltener Bilder und Zeichnungen gesetzt, d.h. mittels Computer a, Bildschirm aufgebaut. Der Probeausdruck dieses Aufbaus, der dann schon zeigt, wie die Buchseitensp\u00e4ter einmal aussehen werden, wird nach alter Druckertradition &#8222;Fahne&#8220; genannt.<\/p>\n<p>Anhand dieser Fahnen werden die letzten Korrekturen am Buch vorgenommen, ehe es in den Duck geht. Auch der Autor bekommt in der Regel die Fahnen entweder in digitaler Form als Datei oder als Ausdruck zugeschickt, um seine letzten Anmerkungen und Verbesserungen durchzugeben. Au\u00dferdem werden in dieser Phase \u00fcbersch\u00fcssige Zeilen entfernt, die isoliert auf den Seiten stehen und den Lesefluss st\u00f6ren w\u00fcrden.<\/p>\n<p>F\u00fcr mich ist die Fahne Anlass zur dritten und letzten Durchsicht meines Manuskripts &#8211; die beiden anderen habe ich vor der Abgabe an den Verlag und nach erfolgtem Lektorat vorgenommen. Bei den B\u00fcchern f\u00fcr erwachsene Leser geht es hier vor allem um formale \u00dcberpr\u00fcfungen. Bei Kinderb\u00fcchern und besonders bei den STERNENRITTERN muss auch gepr\u00fcft werden, ob die Bilder an den richtigen Stellen stehen und z.B. nichts zu fr\u00fch verraten, aber eben auch nicht zu sp\u00e4t im Buch erfolgen, damit jeder Band ein fl\u00fcssiges Abenteuer und aufregendes Leseerlebnis wird.<\/p>\n<p>Dieser Tage liegen wieder STERNENRITTER-Fahnen auf meinem Arbeitstisch. Aber ich w\u00fcrde nat\u00fcrlich nie verraten, um welchen Band es sich handelt \ud83d\ude09<\/p>\n<p><img loading=\"lazy\" decoding=\"async\" class=\"aligncenter wp-image-1467\" src=\"https:\/\/www.michael-peinkofer.de\/wp-content\/uploads\/2019\/04\/Fahne.jpg\" alt=\"\" width=\"600\" height=\"338\" srcset=\"https:\/\/www.michael-peinkofer.de\/wp-content\/uploads\/2019\/04\/Fahne.jpg 807w, https:\/\/www.michael-peinkofer.de\/wp-content\/uploads\/2019\/04\/Fahne-300x169.jpg 300w, https:\/\/www.michael-peinkofer.de\/wp-content\/uploads\/2019\/04\/Fahne-768x432.jpg 768w\" sizes=\"auto, (max-width: 600px) 100vw, 600px\" \/><\/p>\n<p>&nbsp;<\/p>\n<p><strong>WIE EIN COVER ENTSTEHT<\/strong><\/p>\n<p>Welches Cover ein Roman zieren wird, ist nat\u00fcrlich eine wichtige Entscheidung &#8211; deshalb wird sie in aller Regel auch nicht von einer Person allein getroffen und meist in Abstimmung zwischen Verlag und Autor. Manchmal ist es so, dass ich w\u00e4hrend der Arbeit an einem Buch noch gar keine Vorstellung vom Cover habe. Bei TIEFER ZORN jedoch, dem zweiten Band der LEGENDEN VON ASTRAY, hatten wir uns schon fr\u00fch auf ein Motiv geeinigt. Da ein guter Teil der Handlung in der sturmumtosten K\u00fcstenstadt Skaradag spielt,\u00a0 sollte sie auch auf dem Cover zu sehen sein. Im Vordergrund wie schon bei Band 1 einer der Protagonisten der Reihe &#8211; diesmal die Diebin\/S\u00e4ngerin Bray. Auch die Atmosph\u00e4re des Bildes mit eher d\u00fcsterer, blaugr\u00fcner Farbgebung stand schon fr\u00fch fest.<\/p>\n<p>Eine Beschreibung des Motivs, das das Buch wieder panoramaartig umlaufen sollte, wurde an die in M\u00fcnchen ans\u00e4ssige Agentur <a href=\"https:\/\/www.guter-punkt.de\/\" target=\"_blank\" rel=\"noopener\">Guter Punkt<\/a> gegeben, deren kreative K\u00f6pfe schon viele meiner Fantasy-Romane gestaltet haben. Mit dem Zeichnen des Covers wurde der rum\u00e4nische K\u00fcnstler Mihai Radu beauftragt &#8211; ein gro\u00dfartiges Talent, dessen breites <a href=\"https:\/\/www.artstation.com\/mihai_radu\" target=\"_blank\" rel=\"noopener\">Portfolio<\/a> seine Vielseitigkeit zeigt. Die unterschiedlichen Stadien, die Mihais Artwork f\u00fcr das Cover von TIEFER ZORN durchlaufen hat, sind unten zu sehen: Nachdem es zuerst darum ging, die Bildaufteilung skizzenhaft zu erfassen, diente der tweite Entwurf bereits dem Farbdesign und der Atmosph\u00e4re. W\u00e4hrend die Farbgebung bereits im ersten Anlauf \u00fcberzeugte, kamen wir zu dem Schluss, dass Regen und eine sturmgepeitschte See sowohl dem Schauplatz als auch der Stimmung im Roman noch besser gerecht werden w\u00fcrden &#8211; in einem dritten Gestaltungsschritt hat Mihai diese W\u00fcnsche ber\u00fccksichtigt und zu dem auch eine Variante von Bray vorgelegt. Diese dritte Version diente als Entscheidungsgrundlage f\u00fcr die vierte Stufe &#8211; n\u00e4mlich das endg\u00fcltige Cover mit detailliert ausgearbeiteten Hintergr\u00fcnden. Das Ergebnis, so finde ich, ist wirklich gelungen und f\u00e4ngt nicht nur die Atmosph\u00e4re, sondern auch die epische Breite der Geschichte ein &#8211; und das buchst\u00e4blich.<\/p>\n<p>Danke, lieber Mihai, f\u00fcr diese wunderbare Arbeit!<\/p>\n<p><img loading=\"lazy\" decoding=\"async\" class=\"size-full wp-image-1198 alignnone\" src=\"https:\/\/www.michael-peinkofer.de\/wp-content\/uploads\/2018\/06\/MihaiRadu_TieferZorn.jpg\" alt=\"\" width=\"574\" height=\"926\" srcset=\"https:\/\/www.michael-peinkofer.de\/wp-content\/uploads\/2018\/06\/MihaiRadu_TieferZorn.jpg 574w, https:\/\/www.michael-peinkofer.de\/wp-content\/uploads\/2018\/06\/MihaiRadu_TieferZorn-186x300.jpg 186w\" sizes=\"auto, (max-width: 574px) 100vw, 574px\" \/><\/p>\n<p>&nbsp;<\/p>\n","protected":false},"excerpt":{"rendered":"<p>Unter dieser Rubrik gibt es Hintergrundstorys und Infos zur Entstehung von Roman- und anderen Projekten &#8230; DIE ERDWELT-SAGA Weil es \u00fcber die Jahre doch ein wenig kompliziert geworden ist, hier mal eine komplette \u00dcbersicht der bislang erschienenen ERDWELT-B\u00e4nde: &nbsp; COVERSUCHE Wenn ein neues Projekt in Arbeit ist, setzt irgendwann die Suche nach einem passenden Cover [&hellip;]<\/p>\n","protected":false},"author":2,"featured_media":0,"parent":0,"menu_order":0,"comment_status":"closed","ping_status":"closed","template":"","meta":{"footnotes":""},"class_list":["post-1192","page","type-page","status-publish","hentry"],"_links":{"self":[{"href":"https:\/\/www.michael-peinkofer.de\/index.php?rest_route=\/wp\/v2\/pages\/1192","targetHints":{"allow":["GET"]}}],"collection":[{"href":"https:\/\/www.michael-peinkofer.de\/index.php?rest_route=\/wp\/v2\/pages"}],"about":[{"href":"https:\/\/www.michael-peinkofer.de\/index.php?rest_route=\/wp\/v2\/types\/page"}],"author":[{"embeddable":true,"href":"https:\/\/www.michael-peinkofer.de\/index.php?rest_route=\/wp\/v2\/users\/2"}],"replies":[{"embeddable":true,"href":"https:\/\/www.michael-peinkofer.de\/index.php?rest_route=%2Fwp%2Fv2%2Fcomments&post=1192"}],"version-history":[{"count":13,"href":"https:\/\/www.michael-peinkofer.de\/index.php?rest_route=\/wp\/v2\/pages\/1192\/revisions"}],"predecessor-version":[{"id":2472,"href":"https:\/\/www.michael-peinkofer.de\/index.php?rest_route=\/wp\/v2\/pages\/1192\/revisions\/2472"}],"wp:attachment":[{"href":"https:\/\/www.michael-peinkofer.de\/index.php?rest_route=%2Fwp%2Fv2%2Fmedia&parent=1192"}],"curies":[{"name":"wp","href":"https:\/\/api.w.org\/{rel}","templated":true}]}}