{"id":1190,"date":"2018-05-16T21:43:18","date_gmt":"2018-05-16T21:43:18","guid":{"rendered":"http:\/\/www.michael-peinkofer.de\/?page_id=1190"},"modified":"2022-05-20T14:17:10","modified_gmt":"2022-05-20T14:17:10","slug":"audio","status":"publish","type":"page","link":"https:\/\/www.michael-peinkofer.de\/?page_id=1190","title":{"rendered":"Audio"},"content":{"rendered":"<p>&nbsp;<\/p>\n<p><em>Eine \u00dcbersicht von H\u00f6rspielen aus meiner Feder sowie H\u00f6rbuch-Adaptionen meiner Romane, wird nach und nach vervollst\u00e4ndigt.<\/em><\/p>\n<p>&nbsp;<\/p>\n<p><img loading=\"lazy\" decoding=\"async\" class=\"aligncenter wp-image-2165\" src=\"https:\/\/www.michael-peinkofer.de\/wp-content\/uploads\/2022\/05\/Orks6_audio.jpg\" alt=\"\" width=\"280\" height=\"280\" srcset=\"https:\/\/www.michael-peinkofer.de\/wp-content\/uploads\/2022\/05\/Orks6_audio.jpg 400w, https:\/\/www.michael-peinkofer.de\/wp-content\/uploads\/2022\/05\/Orks6_audio-150x150.jpg 150w, https:\/\/www.michael-peinkofer.de\/wp-content\/uploads\/2022\/05\/Orks6_audio-300x300.jpg 300w\" sizes=\"auto, (max-width: 280px) 100vw, 280px\" \/><\/p>\n<p>Das neueste Abenteuer von Balbok und Rammar ist als H\u00f6rbuch bei Argon erschienen &#8211; gelesen hat wieder der ph\u00e4nomenale Johannes Steck (Balbok und Rammar nennen ihn ja bekanntlich nur &#8222;the voice&#8220;), der die Zuh\u00f6rer mit atmosph\u00e4rischem Klang und vielen Stimmen 14 Stunden und 38 Minuten gl\u00e4nzend unterh\u00e4lt und nach Erdwelt entf\u00fchrt, in eine neue Welt, ein aufregendes Abenteuer und in dunkle Vergangenheit &#8230;<\/p>\n<p>&nbsp;<\/p>\n<p><img loading=\"lazy\" decoding=\"async\" class=\"aligncenter wp-image-2192\" src=\"https:\/\/www.michael-peinkofer.de\/wp-content\/uploads\/2022\/05\/barbarossa_audio.jpg\" alt=\"\" width=\"280\" height=\"280\" srcset=\"https:\/\/www.michael-peinkofer.de\/wp-content\/uploads\/2022\/05\/barbarossa_audio.jpg 500w, https:\/\/www.michael-peinkofer.de\/wp-content\/uploads\/2022\/05\/barbarossa_audio-150x150.jpg 150w, https:\/\/www.michael-peinkofer.de\/wp-content\/uploads\/2022\/05\/barbarossa_audio-300x300.jpg 300w\" sizes=\"auto, (max-width: 280px) 100vw, 280px\" \/><\/p>\n<p>BARBAROSSA &#8211; IM SCHATTEN DES KAISERS ist bei Audible als ungek\u00fcrztes H\u00f6rbuch erschienen. Gelesen hat der gro\u00dfartige Sascha Tschorn, der den H\u00f6rer knapp 15 Stunden lang packend ins Mittelalter entf\u00fchrt. Erz\u00e4hlt wird das Leben des ber\u00fchmten Herrschers aus der Sicht von dessen Leibw\u00e4chter Arndt von Cappenberg, der einen Blick auf den Menschen Friedrich wirft und das Licht und die Schatten &#8230; Im Mittelpunkt steht dabei die Frage, wer f\u00fcr den Tod des Kaisers Verantwortung trug, der am 10. Juni 1190 in den Fluten des Flusses Saleph ertrank &#8230;<\/p>\n<p>&nbsp;<\/p>\n<p><img loading=\"lazy\" decoding=\"async\" class=\"aligncenter wp-image-1986\" src=\"https:\/\/www.michael-peinkofer.de\/wp-content\/uploads\/2021\/05\/OC-Audio.jpg\" alt=\"\" width=\"280\" height=\"280\" srcset=\"https:\/\/www.michael-peinkofer.de\/wp-content\/uploads\/2021\/05\/OC-Audio.jpg 500w, https:\/\/www.michael-peinkofer.de\/wp-content\/uploads\/2021\/05\/OC-Audio-150x150.jpg 150w, https:\/\/www.michael-peinkofer.de\/wp-content\/uploads\/2021\/05\/OC-Audio-300x300.jpg 300w\" sizes=\"auto, (max-width: 280px) 100vw, 280px\" \/><\/p>\n<p>Mit ORK CITY feiert Johannes &#8222;the voice&#8220; Steck, der schon die H\u00f6rb\u00fccher der ORKS- und ZAUBERER-Reihen eindrucksvoll eingelesen hat (s.unten), sein donnerndes Comeback in Erdwelt. F\u00fcr den Privatdetektiv Corwyn Rash, der in sch\u00f6ner hard boiled-Manier in Ich-Form von seinen Ermittlungen unter Ork-Gangstern, Geheimb\u00fcnden und Zwergensyndikaten berichtet, h\u00e4tte ich mir keinen geeigneteren Sprecher w\u00fcnschen k\u00f6nnen. Exklusiv bei Audible als ungek\u00fcrzte Lesung mit einer Laufzeit von 10 Std. 12 Min.<\/p>\n<p>&nbsp;<\/p>\n<p><img loading=\"lazy\" decoding=\"async\" class=\"aligncenter wp-image-1963\" src=\"https:\/\/www.michael-peinkofer.de\/wp-content\/uploads\/2021\/04\/Farm_CD1.jpeg\" alt=\"\" width=\"270\" height=\"270\" srcset=\"https:\/\/www.michael-peinkofer.de\/wp-content\/uploads\/2021\/04\/Farm_CD1.jpeg 340w, https:\/\/www.michael-peinkofer.de\/wp-content\/uploads\/2021\/04\/Farm_CD1-150x150.jpeg 150w, https:\/\/www.michael-peinkofer.de\/wp-content\/uploads\/2021\/04\/Farm_CD1-300x300.jpeg 300w\" sizes=\"auto, (max-width: 270px) 100vw, 270px\" \/><img loading=\"lazy\" decoding=\"async\" class=\"aligncenter wp-image-1964\" src=\"https:\/\/www.michael-peinkofer.de\/wp-content\/uploads\/2021\/04\/Farm_CD2.jpeg\" alt=\"\" width=\"270\" height=\"270\" srcset=\"https:\/\/www.michael-peinkofer.de\/wp-content\/uploads\/2021\/04\/Farm_CD2.jpeg 340w, https:\/\/www.michael-peinkofer.de\/wp-content\/uploads\/2021\/04\/Farm_CD2-150x150.jpeg 150w, https:\/\/www.michael-peinkofer.de\/wp-content\/uploads\/2021\/04\/Farm_CD2-300x300.jpeg 300w\" sizes=\"auto, (max-width: 270px) 100vw, 270px\" \/><\/p>\n<p>Die Abenteuer der Zwillinge Monty und Nell auf der Drachenfarm als kurzweilige H\u00f6rb\u00fccher. Uve Teschner, der schon bei den STERNENRITTER-H\u00f6rspielen als Erz\u00e4hler mit dabei war, liest einf\u00fchlsam und mit Augenzwinkern, und die Passagen des schw\u00e4belnden Ogers meistert er mit Bravour \ud83d\ude42 Erh\u00e4ltlich auf CD oder als Download.<\/p>\n<p>&nbsp;<\/p>\n<p><img loading=\"lazy\" decoding=\"async\" class=\"wp-image-1289 aligncenter\" src=\"https:\/\/www.michael-peinkofer.de\/wp-content\/uploads\/2018\/06\/ST1.jpg\" alt=\"\" width=\"240\" height=\"240\" srcset=\"https:\/\/www.michael-peinkofer.de\/wp-content\/uploads\/2018\/06\/ST1.jpg 600w, https:\/\/www.michael-peinkofer.de\/wp-content\/uploads\/2018\/06\/ST1-150x150.jpg 150w, https:\/\/www.michael-peinkofer.de\/wp-content\/uploads\/2018\/06\/ST1-300x300.jpg 300w\" sizes=\"auto, (max-width: 240px) 100vw, 240px\" \/><img loading=\"lazy\" decoding=\"async\" class=\"wp-image-1290 aligncenter\" src=\"https:\/\/www.michael-peinkofer.de\/wp-content\/uploads\/2018\/06\/ST2.jpg\" alt=\"\" width=\"240\" height=\"240\" srcset=\"https:\/\/www.michael-peinkofer.de\/wp-content\/uploads\/2018\/06\/ST2.jpg 600w, https:\/\/www.michael-peinkofer.de\/wp-content\/uploads\/2018\/06\/ST2-150x150.jpg 150w, https:\/\/www.michael-peinkofer.de\/wp-content\/uploads\/2018\/06\/ST2-300x300.jpg 300w\" sizes=\"auto, (max-width: 240px) 100vw, 240px\" \/><img loading=\"lazy\" decoding=\"async\" class=\"wp-image-1291 aligncenter\" src=\"https:\/\/www.michael-peinkofer.de\/wp-content\/uploads\/2018\/06\/ST3.jpg\" alt=\"\" width=\"240\" height=\"240\" srcset=\"https:\/\/www.michael-peinkofer.de\/wp-content\/uploads\/2018\/06\/ST3.jpg 600w, https:\/\/www.michael-peinkofer.de\/wp-content\/uploads\/2018\/06\/ST3-150x150.jpg 150w, https:\/\/www.michael-peinkofer.de\/wp-content\/uploads\/2018\/06\/ST3-300x300.jpg 300w\" sizes=\"auto, (max-width: 240px) 100vw, 240px\" \/><\/p>\n<p>Universal Music hat die ersten drei Folgen der STERNENRITTER als H\u00f6rspiele adaptiert &#8211; Kino f\u00fcr den Kopf mit vielen Sprechern, Musik und Ger\u00e4uschen. Unser Ziel war es, ein richtiges Weltraumabenteuer f\u00fcr Kinder zu kreieren, das den Vergleich mit anderen Serien nicht zu scheuen braucht, inklusive donnernder Sternenschiffe und flammender Laserblitze! In den Hauptrollen der drei Sternenritter Ben, Mia und Sammy sind Oliver Szerkus, Finja Ufer und Lenio Einbeck zu h\u00f6ren, den Erz\u00e4hler gibt Uve Teschner. Die Nebenrollen sind mit bekannten Stimmen besetzt &#8211; als b\u00f6ser Graf Atrox brilliert Wilfried Hochholdinger, Santiago Ziesmer ist als dessen panischer Helfer Honk zu h\u00f6ren, und Oliver Rohrbeck gibt mit lispelnder Stimme den schrottigen Roboter Botnik-13 &#8230; Die Coverillustrationen stammen wie bei den B\u00fcchern von Daniel Ernle. Erh\u00e4ltlich auf CD oder als Download.<\/p>\n<p>&nbsp;<\/p>\n<p><img loading=\"lazy\" decoding=\"async\" class=\"aligncenter wp-image-1259\" src=\"https:\/\/www.michael-peinkofer.de\/wp-content\/uploads\/2018\/06\/61iJVRNTKlL._SL500_.jpg\" alt=\"\" width=\"250\" height=\"250\" srcset=\"https:\/\/www.michael-peinkofer.de\/wp-content\/uploads\/2018\/06\/61iJVRNTKlL._SL500_.jpg 500w, https:\/\/www.michael-peinkofer.de\/wp-content\/uploads\/2018\/06\/61iJVRNTKlL._SL500_-150x150.jpg 150w, https:\/\/www.michael-peinkofer.de\/wp-content\/uploads\/2018\/06\/61iJVRNTKlL._SL500_-300x300.jpg 300w\" sizes=\"auto, (max-width: 250px) 100vw, 250px\" \/><img loading=\"lazy\" decoding=\"async\" class=\"aligncenter wp-image-1348\" src=\"https:\/\/www.michael-peinkofer.de\/wp-content\/uploads\/2018\/09\/TieferZorn_H\u00f6rbuch_.jpg\" alt=\"\" width=\"250\" height=\"250\" \/><\/p>\n<p><img loading=\"lazy\" decoding=\"async\" class=\"aligncenter wp-image-1413\" src=\"https:\/\/www.michael-peinkofer.de\/wp-content\/uploads\/2018\/12\/Astray3_Audio.jpg\" alt=\"\" width=\"250\" height=\"250\" srcset=\"https:\/\/www.michael-peinkofer.de\/wp-content\/uploads\/2018\/12\/Astray3_Audio.jpg 300w, https:\/\/www.michael-peinkofer.de\/wp-content\/uploads\/2018\/12\/Astray3_Audio-150x150.jpg 150w\" sizes=\"auto, (max-width: 250px) 100vw, 250px\" \/><img loading=\"lazy\" decoding=\"async\" class=\"aligncenter wp-image-1587\" src=\"https:\/\/www.michael-peinkofer.de\/wp-content\/uploads\/2019\/12\/H\u00f6rbuch_Astray4.jpg\" alt=\"\" width=\"250\" height=\"250\" \/><\/p>\n<p>Die H\u00f6rbuch-Adaptionen der LEGENDEN VON ASTRAY sind als ungek\u00fcrzte Lesung exklusiv bei audible erschienen und <a href=\"https:\/\/www.audible.de\/pd\/Fantasy\/Tote-Helden-Die-Legenden-von-Astray-1-Hoerbuch\/B076TQ1M74?ref=a_a_pd_Fant_c5_lProduct_1_3&amp;pf_rd_p=c782b9c3-77b5-46f1-8263-f75cfba504d8&amp;pf_rd_r=QKHDYYJR5ZKF1BFHTHRX&amp;\" target=\"_blank\" rel=\"noopener\">hier<\/a> erh\u00e4ltlich. Gelesen hat &#8211; was mich riesig freut &#8211; kein geringerer als Detlef Bierstedt, die deutsche Stimme von George Clooney, vor allem aber die von Commander Riker von der guten alten Enterprise 1701-D. Das l\u00e4sst nicht nur mein Trekkie-Herz h\u00f6her schlagen &#8211; Detlef Bierstedt hat aus meinem Roman ganz gro\u00dfes Hollywood-Kopfkino gemacht.<\/p>\n<p>&nbsp;<\/p>\n<p><img loading=\"lazy\" decoding=\"async\" class=\"aligncenter wp-image-1209\" src=\"https:\/\/www.michael-peinkofer.de\/wp-content\/uploads\/2018\/06\/Gy1-3.jpg\" alt=\"\" width=\"630\" height=\"188\" srcset=\"https:\/\/www.michael-peinkofer.de\/wp-content\/uploads\/2018\/06\/Gy1-3.jpg 967w, https:\/\/www.michael-peinkofer.de\/wp-content\/uploads\/2018\/06\/Gy1-3-300x89.jpg 300w, https:\/\/www.michael-peinkofer.de\/wp-content\/uploads\/2018\/06\/Gy1-3-768x229.jpg 768w\" sizes=\"auto, (max-width: 630px) 100vw, 630px\" \/><\/p>\n<p>Die H\u00f6rbuch-Adaptionen der bei Ravensburger erschienenen GRYPHONY-Reihe. Dass Stefan Kaminski als Sprecher gewonnen werden konnte, hat mich riesig gefreut. Er verleiht den einzelnen Charakteren &#8211; von Melody \u00fcber ihre Gro\u00dfmutter bis hin zum kauzigen Mr. Clue und der zickigen Ashley McLusky so eindrucksvoll Profil, dass ich alle B\u00e4nde komplett durchgeh\u00f6rt und dabei beinahe vergessen habe, dass ich den Ausgang der Geschichte kenne &#8230;<\/p>\n<p>&nbsp;<\/p>\n<p><img loading=\"lazy\" decoding=\"async\" class=\"aligncenter wp-image-1262\" src=\"https:\/\/www.michael-peinkofer.de\/wp-content\/uploads\/2018\/06\/6146FYSQweL._AA300_.jpg\" alt=\"\" width=\"200\" height=\"200\" srcset=\"https:\/\/www.michael-peinkofer.de\/wp-content\/uploads\/2018\/06\/6146FYSQweL._AA300_.jpg 300w, https:\/\/www.michael-peinkofer.de\/wp-content\/uploads\/2018\/06\/6146FYSQweL._AA300_-150x150.jpg 150w\" sizes=\"auto, (max-width: 200px) 100vw, 200px\" \/><img loading=\"lazy\" decoding=\"async\" class=\"aligncenter wp-image-1297\" src=\"https:\/\/www.michael-peinkofer.de\/wp-content\/uploads\/2018\/06\/O2.jpg\" alt=\"\" width=\"200\" height=\"200\" srcset=\"https:\/\/www.michael-peinkofer.de\/wp-content\/uploads\/2018\/06\/O2.jpg 600w, https:\/\/www.michael-peinkofer.de\/wp-content\/uploads\/2018\/06\/O2-150x150.jpg 150w, https:\/\/www.michael-peinkofer.de\/wp-content\/uploads\/2018\/06\/O2-300x300.jpg 300w\" sizes=\"auto, (max-width: 200px) 100vw, 200px\" \/> <img loading=\"lazy\" decoding=\"async\" class=\"aligncenter wp-image-1298\" src=\"https:\/\/www.michael-peinkofer.de\/wp-content\/uploads\/2018\/06\/O3.jpg\" alt=\"\" width=\"200\" height=\"201\" srcset=\"https:\/\/www.michael-peinkofer.de\/wp-content\/uploads\/2018\/06\/O3.jpg 199w, https:\/\/www.michael-peinkofer.de\/wp-content\/uploads\/2018\/06\/O3-150x150.jpg 150w\" sizes=\"auto, (max-width: 200px) 100vw, 200px\" \/> <img loading=\"lazy\" decoding=\"async\" class=\"aligncenter wp-image-1299\" src=\"https:\/\/www.michael-peinkofer.de\/wp-content\/uploads\/2018\/06\/O4.jpg\" alt=\"\" width=\"200\" height=\"200\" srcset=\"https:\/\/www.michael-peinkofer.de\/wp-content\/uploads\/2018\/06\/O4.jpg 600w, https:\/\/www.michael-peinkofer.de\/wp-content\/uploads\/2018\/06\/O4-150x150.jpg 150w, https:\/\/www.michael-peinkofer.de\/wp-content\/uploads\/2018\/06\/O4-300x300.jpg 300w\" sizes=\"auto, (max-width: 200px) 100vw, 200px\" \/><\/p>\n<p>Der Super-Klassiker unter den H\u00f6rbuch-Adaptionen meiner Romane. Wenn Johannes Steck liest, wird Erdwelt lebendig &#8211; er ist beim Lesen eine schlichte Naturgewalt und kann vermutlich besser Orkisch als ich. Balbok und Rammar nennen ihn schlicht nur &#8222;die Stimme&#8220;. Erh\u00e4ltlich auf CD oder als Download.<\/p>\n<p>&nbsp;<\/p>\n<p><img loading=\"lazy\" decoding=\"async\" class=\"aligncenter wp-image-1313\" src=\"https:\/\/www.michael-peinkofer.de\/wp-content\/uploads\/2018\/06\/Z1.jpg\" alt=\"\" width=\"250\" height=\"250\" srcset=\"https:\/\/www.michael-peinkofer.de\/wp-content\/uploads\/2018\/06\/Z1.jpg 300w, https:\/\/www.michael-peinkofer.de\/wp-content\/uploads\/2018\/06\/Z1-150x150.jpg 150w\" sizes=\"auto, (max-width: 250px) 100vw, 250px\" \/> <img loading=\"lazy\" decoding=\"async\" class=\"aligncenter wp-image-1314\" src=\"https:\/\/www.michael-peinkofer.de\/wp-content\/uploads\/2018\/06\/Z2.jpg\" alt=\"\" width=\"250\" height=\"250\" srcset=\"https:\/\/www.michael-peinkofer.de\/wp-content\/uploads\/2018\/06\/Z2.jpg 300w, https:\/\/www.michael-peinkofer.de\/wp-content\/uploads\/2018\/06\/Z2-150x150.jpg 150w\" sizes=\"auto, (max-width: 250px) 100vw, 250px\" \/> <img loading=\"lazy\" decoding=\"async\" class=\"aligncenter wp-image-1315\" src=\"https:\/\/www.michael-peinkofer.de\/wp-content\/uploads\/2018\/06\/Z3.jpg\" alt=\"\" width=\"250\" height=\"250\" srcset=\"https:\/\/www.michael-peinkofer.de\/wp-content\/uploads\/2018\/06\/Z3.jpg 300w, https:\/\/www.michael-peinkofer.de\/wp-content\/uploads\/2018\/06\/Z3-150x150.jpg 150w\" sizes=\"auto, (max-width: 250px) 100vw, 250px\" \/><\/p>\n<p>Die Saga der ZAUBERER, die die Vorgeschichte der ORKS erz\u00e4hlt &#8230; erneut gelesen von Johannes Steck und ein Ohrenschmaus, der auch mich verzaubert hat. Erh\u00e4ltlich auf CD oder als Download.<\/p>\n<p>&nbsp;<\/p>\n<p><img loading=\"lazy\" decoding=\"async\" class=\"aligncenter wp-image-1288\" src=\"https:\/\/www.michael-peinkofer.de\/wp-content\/uploads\/2018\/06\/AscalonH\u00f6rb.jpg\" alt=\"\" width=\"280\" height=\"280\" \/><\/p>\n<p>Die H\u00f6rbuchadaption meines bislang umfangreichsten historischen Romans hat Philipp Schepmann gelesen &#8211; war bei den Aufnahmen im Studio dabei und hatte am Ende G\u00e4nsehaut, obwohl ich eigentlich wusste, wie die Geschichte ausgeht. Danke, lieber Philipp, f\u00fcr diese wunderbare Arbeit!<\/p>\n<p>&nbsp;<\/p>\n<p><img loading=\"lazy\" decoding=\"async\" class=\"aligncenter wp-image-1318\" src=\"https:\/\/www.michael-peinkofer.de\/wp-content\/uploads\/2018\/06\/S1.jpg\" alt=\"\" width=\"280\" height=\"280\" srcset=\"https:\/\/www.michael-peinkofer.de\/wp-content\/uploads\/2018\/06\/S1.jpg 300w, https:\/\/www.michael-peinkofer.de\/wp-content\/uploads\/2018\/06\/S1-150x150.jpg 150w\" sizes=\"auto, (max-width: 280px) 100vw, 280px\" \/><\/p>\n<p>Der erste Band der SPLITTERWELTEN-Saga wurde auch als H\u00f6rbuch adaptiert: Ein Johannes Steck in H\u00f6chstform entf\u00fchrt den H\u00f6rer auf tausend Welten &#8230;<\/p>\n<p>&nbsp;<\/p>\n<p><img loading=\"lazy\" decoding=\"async\" class=\"aligncenter wp-image-1320\" src=\"https:\/\/www.michael-peinkofer.de\/wp-content\/uploads\/2018\/06\/Erben0.jpg\" alt=\"\" width=\"250\" height=\"225\" srcset=\"https:\/\/www.michael-peinkofer.de\/wp-content\/uploads\/2018\/06\/Erben0.jpg 473w, https:\/\/www.michael-peinkofer.de\/wp-content\/uploads\/2018\/06\/Erben0-300x270.jpg 300w\" sizes=\"auto, (max-width: 250px) 100vw, 250px\" \/> <img loading=\"lazy\" decoding=\"async\" class=\"aligncenter wp-image-1321\" src=\"https:\/\/www.michael-peinkofer.de\/wp-content\/uploads\/2018\/06\/Erben1.jpg\" alt=\"\" width=\"250\" height=\"250\" srcset=\"https:\/\/www.michael-peinkofer.de\/wp-content\/uploads\/2018\/06\/Erben1.jpg 270w, https:\/\/www.michael-peinkofer.de\/wp-content\/uploads\/2018\/06\/Erben1-150x150.jpg 150w\" sizes=\"auto, (max-width: 250px) 100vw, 250px\" \/><\/p>\n<p>Mein historischer Roman DIE ERBEN DER SCHWARZEN FLAGGE kam in zwei verschiedenen Versionen auf den Markt &#8211; einmal in einer &#8222;erwachsenen&#8220; und einmal in einer &#8222;jugendlichen&#8220; Variante. Gelesen hat zu meiner gr\u00f6\u00dften Freude Andreas Fr\u00f6hlich.<\/p>\n<p>&nbsp;<\/p>\n<p><img loading=\"lazy\" decoding=\"async\" class=\"aligncenter wp-image-1270\" src=\"https:\/\/www.michael-peinkofer.de\/wp-content\/uploads\/2018\/06\/TeamX.jpg\" alt=\"\" width=\"800\" height=\"780\" srcset=\"https:\/\/www.michael-peinkofer.de\/wp-content\/uploads\/2018\/06\/TeamX.jpg 641w, https:\/\/www.michael-peinkofer.de\/wp-content\/uploads\/2018\/06\/TeamX-300x293.jpg 300w\" sizes=\"auto, (max-width: 800px) 100vw, 800px\" \/><\/p>\n<p>Mit TEAM X-TREME durfte ich mir einen echten Traum erf\u00fcllen &#8211; eine Mischung aus Agententhriller und den Krimi-H\u00f6rspielen meiner Jugendtage. Erschienen sind 16 Folgen der Abenteuer von Kyle, Charlie, Race, Kami und Okay in den Diensten der Stiftung X, aufwendig produziert von L\u00fcbbe Audio und mit prominenten Stimmen besetzt. Auf die wunderbaren Sprecher, die wir gefunden haben, bin ich noch heute stolz &#8211; allen voran &#8222;mein&#8220; Team X-treme Linn Reuse, Yoshij Grimm, Leyla Rohrbeck, Jannick Sch\u00fcmann und Alexander Seidel. In Nebenrollen waren u.a. Dietmar Wunder als Conrad Leland und Oliver Rohbeck als etwas schusseliger Geheimwaffen-Erfinder Dr. Dickens zu h\u00f6ren. Erschienen auf CD und als <a href=\"https:\/\/www.luebbe.de\/luebbe-audio\/serien\/team-x-treme\/id_5672458\" target=\"_blank\" rel=\"noopener\">Download<\/a>.<br \/>\nBegleitend zur H\u00f6rspielserie ist bei Baumhaus auch eine Buchreihe erschienen, die die ersten 5 Folgen erz\u00e4hlt, farbig illustriert von Daniel Ernle, der auch die Cover zur H\u00f6rspielserie gestaltet hat. Die einzige nie als H\u00f6rspiel erschienene Folge ist die nur als Taschenbuch bei Baumhaus ver\u00f6ffentlichte Geschichte MISSION ZERO: DER ALPHA KREIS, die berichtet, wie das Team X-treme zusammenfand (siehe <a href=\"https:\/\/www.michael-peinkofer.de\/?page_id=11\" target=\"_blank\" rel=\"noopener\">B\u00dcCHER<\/a>).<\/p>\n<p>&nbsp;<\/p>\n","protected":false},"excerpt":{"rendered":"<p>&nbsp; Eine \u00dcbersicht von H\u00f6rspielen aus meiner Feder sowie H\u00f6rbuch-Adaptionen meiner Romane, wird nach und nach vervollst\u00e4ndigt. &nbsp; Das neueste Abenteuer von Balbok und Rammar ist als H\u00f6rbuch bei Argon erschienen &#8211; gelesen hat wieder der ph\u00e4nomenale Johannes Steck (Balbok und Rammar nennen ihn ja bekanntlich nur &#8222;the voice&#8220;), der die Zuh\u00f6rer mit atmosph\u00e4rischem Klang [&hellip;]<\/p>\n","protected":false},"author":2,"featured_media":0,"parent":0,"menu_order":0,"comment_status":"closed","ping_status":"closed","template":"","meta":{"footnotes":""},"class_list":["post-1190","page","type-page","status-publish","hentry"],"_links":{"self":[{"href":"https:\/\/www.michael-peinkofer.de\/index.php?rest_route=\/wp\/v2\/pages\/1190","targetHints":{"allow":["GET"]}}],"collection":[{"href":"https:\/\/www.michael-peinkofer.de\/index.php?rest_route=\/wp\/v2\/pages"}],"about":[{"href":"https:\/\/www.michael-peinkofer.de\/index.php?rest_route=\/wp\/v2\/types\/page"}],"author":[{"embeddable":true,"href":"https:\/\/www.michael-peinkofer.de\/index.php?rest_route=\/wp\/v2\/users\/2"}],"replies":[{"embeddable":true,"href":"https:\/\/www.michael-peinkofer.de\/index.php?rest_route=%2Fwp%2Fv2%2Fcomments&post=1190"}],"version-history":[{"count":31,"href":"https:\/\/www.michael-peinkofer.de\/index.php?rest_route=\/wp\/v2\/pages\/1190\/revisions"}],"predecessor-version":[{"id":2194,"href":"https:\/\/www.michael-peinkofer.de\/index.php?rest_route=\/wp\/v2\/pages\/1190\/revisions\/2194"}],"wp:attachment":[{"href":"https:\/\/www.michael-peinkofer.de\/index.php?rest_route=%2Fwp%2Fv2%2Fmedia&parent=1190"}],"curies":[{"name":"wp","href":"https:\/\/api.w.org\/{rel}","templated":true}]}}